{"id":524,"date":"2022-10-21T14:08:28","date_gmt":"2022-10-21T14:08:28","guid":{"rendered":"https:\/\/www.ascensionpoint.com\/nuestros-valores\/"},"modified":"2023-07-18T19:42:54","modified_gmt":"2023-07-18T19:42:54","slug":"nuestros-valores","status":"publish","type":"page","link":"https:\/\/www.ascensionpoint.com\/es\/nuestros-valores\/","title":{"rendered":"NUESTROS VALORES"},"content":{"rendered":"<style>\r\n    #block_62745d01d93e9-header-slides{\r\n        \r\n               \r\n    }\r\n\r\n\r\n    <\/style><header id=\"block_62745d01d93e9-header-slides\" class=\"header-slides pt-none pb-none alignfull\"  role=\"region\"  aria-label=\"Header Carousel\" >\r\n\r\n\r\n \r\n<p class=\"sr-only\">This is a carousel with auto-rotating slides. Activate any of the buttons to disable rotation. Use Next and Previous buttons to navigate.<\/p>\r\n\r\n\r\n    <div   class=\"\" >\r\n\r\n\r\n\r\n\r\n\r\n\r\n        \r\n              \r\n    \r\n                    \r\n                    <section class=\"page-header-item\" style=\"background-image: url(https:\/\/www.ascensionpoint.com\/wp-content\/uploads\/2022\/05\/flowers-2.jpg)\" role=\"group\" aria-label=\"Slide 1 of 1\">\r\n                    <div class=\"container\">\r\n        \r\n                        <div class=\"page-header-item__inner\">\r\n                            <div class=\"page-header-item__title\" style=\"--highlight-color:  #6592b3\">NUESTROS <em>VALORES<\/em>\n<\/div>\r\n                            <p><\/p>\r\n        \r\n                                                    <\/div>\r\n        \r\n                    <\/div>\r\n                <\/section>\r\n\r\n\r\n\r\n                     \r\n    <\/div>\r\n       \r\n<\/header><style>\r\n    #block_62745d4bc05de-text-block{\r\n        \r\n        --border-bottom-color:#edcd9a       \r\n    }\r\n\r\n\r\n    <\/style>\r\n<section  id=\"block_62745d4bc05de-text-block\" class=\"text-block block-border-bottom pt-l pb-l\">\r\n    <article class=\"container text-block__container\">\r\n        <p>&nbsp;<\/p>\n<h2 style=\"text-align: center;\"><span style=\"color: #000000;\">NUESTROS <strong><span style=\"color: #6592b3;\">VALORES<\/span><\/strong><\/span><\/h2>\n<p style=\"text-align: center;\">En AscensionPoint, nuestros Valores Fundamentales proporcionan un marco para todo lo que hacemos. Desde nuestras interacciones con los consumidores y los procesos diarios, hasta el desarrollo de nuestro personal y liderazgo. Creemos que abrazar valores s\u00f3lidos nos distingue de otros en nuestra industria.<\/p>\n<\/article>\r\n\r\n<\/section>\r\n\r\n<style>\r\n#block_62745d4bc05de-text-block{\r\n    background-color: \r\n}\r\n    #block_62745d4bc05de-text-block .text-block__container{\r\n    max-width:80ch;\r\n    }\r\n    }\r\n<\/style><style>\r\n    #block_62745dbac05df-image-text-grid{\r\n        \r\n        --border-bottom-color:#edcd9a       \r\n    }\r\n\r\n\r\n    <\/style>\r\n\r\n\r\n<section id=\"block_62745dbac05df-image-text-grid\" class=\"image-text-grid block-border-bottom pt-none pb-none one-half image-first \">\r\n                <div class=\"row_even\"> \r\n            \r\n                <div class=\"image-text-grid_cell image-text-grid_image \" aria-description=\"\u00e1rboles de flor de cerezo\"  style=\"--background-image: url(https:\/\/www.ascensionpoint.com\/wp-content\/uploads\/2022\/05\/AscensionPoint-photo-2.jpg\"><\/div>                <div class=\"image-text-grid_cell image-text-grid_text\">\r\n                    <div class=\"image-text-grid_text__container\">\r\n              \r\n                <p><span style=\"color: #3a5f73;\"><strong>Integridad<\/strong><\/span><br \/>\nCreemos en \u00abHacer lo correcto\u00bb por los consumidores, nuestros empleados y clientes. En APRS encarnamos la honestidad, la autenticidad y una br\u00fajula moral s\u00f3lida en todos los aspectos de nuestro negocio.<\/p>\n<p>&nbsp;<\/p>\n<p><span style=\"color: #3a5f73;\"><strong>Compasi\u00f3n<\/strong><\/span><br \/>\nNos comprometemos a brindar a los consumidores la compasi\u00f3n y empat\u00eda que merecen durante los momentos m\u00e1s dif\u00edciles de la vida.<\/p>\n<p>&nbsp;<\/p>\n<p><span style=\"color: #3a5f73;\"><strong>Respeto<\/strong><\/span><br \/>\nMostrando admiraci\u00f3n por las diferencias, buscando comprender y sirviendo a los dem\u00e1s de la mejor manera posible.<\/p>\n<p>&nbsp;<\/p>\n<p><span style=\"color: #3a5f73;\"><strong>Rendimiento<\/strong><\/span><br \/>\nProporcionando un rendimiento orientado a resultados a\u00f1o tras a\u00f1o, al mismo tiempo que se minimiza el riesgo y la exposici\u00f3n.<\/p>\n<p>&nbsp;<\/p>\n<p><span style=\"color: #3a5f73;\"><strong>Trabajo en equipo<\/strong><\/span><br \/>\nTrabajando hacia metas comunes, al mismo tiempo que nos responsabilizamos mutuamente y creamos un ambiente inclusivo en beneficio del equipo.<\/p>\n            <\/div>                 \r\n                <\/div>\r\n\r\n\r\n                \r\n            <\/div>\r\n\r\n    <\/section>\r\n<style>\r\n    #block_62745dbac05df-image-text-grid .image-text-grid_text__container{\r\n    max-width:50ch;\r\n    }\r\n    }\r\n<\/style><style>\r\n    #block_627acf34ee5b2-text-block{\r\n        \r\n               \r\n    }\r\n\r\n\r\n    <\/style>\r\n<section  id=\"block_627acf34ee5b2-text-block\" class=\"text-block pt-m pb-m\">\r\n    <article class=\"container text-block__container\">\r\n        <p style=\"text-align: center;\">\u00bfTienes m\u00e1s preguntas? Visite nuestra p\u00e1gina de Preguntas frecuentes (FAQ) haciendo <a href=\"https:\/\/ascensionpoint.wpengine.com\/faqs\/\">clic aqu\u00ed<\/a>.<\/p>\n<\/article>\r\n\r\n<\/section>\r\n\r\n<style>\r\n#block_627acf34ee5b2-text-block{\r\n    background-color: #edcd9a\r\n}\r\n    #block_627acf34ee5b2-text-block .text-block__container{\r\n    max-width:100ch;\r\n    }\r\n    }\r\n<\/style>","protected":false},"excerpt":{"rendered":"","protected":false},"author":7,"featured_media":0,"parent":0,"menu_order":0,"comment_status":"closed","ping_status":"closed","template":"","meta":{"_acf_changed":false,"om_disable_all_campaigns":false,"_monsterinsights_skip_tracking":false,"_monsterinsights_sitenote_active":false,"_monsterinsights_sitenote_note":"","_monsterinsights_sitenote_category":0,"_uf_show_specific_survey":0,"_uf_disable_surveys":false,"_genesis_block_theme_hide_title":false,"footnotes":""},"class_list":["post-524","page","type-page","status-publish","hentry","post","without-featured-image"],"acf":[],"aioseo_notices":[],"_links":{"self":[{"href":"https:\/\/www.ascensionpoint.com\/es\/wp-json\/wp\/v2\/pages\/524","targetHints":{"allow":["GET"]}}],"collection":[{"href":"https:\/\/www.ascensionpoint.com\/es\/wp-json\/wp\/v2\/pages"}],"about":[{"href":"https:\/\/www.ascensionpoint.com\/es\/wp-json\/wp\/v2\/types\/page"}],"author":[{"embeddable":true,"href":"https:\/\/www.ascensionpoint.com\/es\/wp-json\/wp\/v2\/users\/7"}],"replies":[{"embeddable":true,"href":"https:\/\/www.ascensionpoint.com\/es\/wp-json\/wp\/v2\/comments?post=524"}],"version-history":[{"count":0,"href":"https:\/\/www.ascensionpoint.com\/es\/wp-json\/wp\/v2\/pages\/524\/revisions"}],"wp:attachment":[{"href":"https:\/\/www.ascensionpoint.com\/es\/wp-json\/wp\/v2\/media?parent=524"}],"curies":[{"name":"wp","href":"https:\/\/api.w.org\/{rel}","templated":true}]}}